{"id":10317,"date":"2022-11-11T09:12:20","date_gmt":"2022-11-11T09:12:20","guid":{"rendered":"https:\/\/awesome-technologies.de\/?page_id=10317"},"modified":"2022-11-11T09:12:21","modified_gmt":"2022-11-11T09:12:21","slug":"design-for-manufacturing-and-automation","status":"publish","type":"page","link":"https:\/\/awesome-technologies.de\/en\/design-for-manufacturing-and-automation","title":{"rendered":"Design for Manufacturing and Automation"},"content":{"rendered":"[vc_row][vc_column width=&#8221;1\/4&#8243;][\/vc_column][vc_column width=&#8221;1\/2&#8243;][vc_column_text css=&#8221;.vc_custom_1668157923324{margin-bottom: 0px !important;}&#8221;]\n<p align=\"justify\"><span data-offset-key=\"a86jn-0-0\">Die Motivation, Montagevorg\u00e4nge <\/span><span id=\"decorator-corrected-entity-id-71\" data-entity-key=\"71\" data-offset-key=\"a86jn-1-0\"><span data-offset-key=\"a86jn-1-0\">von einer<\/span><\/span><span data-offset-key=\"a86jn-2-0\"> manuellen hin zu einer automatisierten Durchf\u00fchrung zu ver\u00e4ndern, bleibt hoch und nimmt weiter zu. Neben wirtschaftlichen Gr\u00fcnden sind h\u00e4ufig ergonomische Aspekte oder Qualit\u00e4tsfaktoren f\u00fcr die Entscheidung zur Automatisierung ausschlaggebend. Wer auf die Automatisierungs- und Digitalisierungsschiene aufspringen m\u00f6chte, sollte also fr\u00fch anfangen. Idealerweise beginnt dieser Prozess schon beim Design neuer Produkte, damit sich ineffiziente Strukturen gar nicht erst einschleichen k\u00f6nnen.<\/span><\/p>\n<p align=\"justify\"><span data-offset-key=\"a86jn-0-0\">Zahlreiche Produktionsunternehmen haben eine hohe Expertise in der Gestaltung ihrer Produkte sammeln k\u00f6nnen, doch tats\u00e4chlich mangelt es hier h\u00e4ufig an dem spezifischen <\/span><span id=\"decorator-corrected-entity-id-74\" data-entity-key=\"74\" data-offset-key=\"a86jn-1-0\"><span data-offset-key=\"a86jn-1-0\">Know-how<\/span><\/span><span data-offset-key=\"a86jn-2-0\"> bei der Optimierung, um eine (Teil-)Automatisierung zu erm\u00f6glichen. Hier gehen viele <\/span><span id=\"decorator-corrected-entity-id-76\" data-entity-key=\"76\" data-offset-key=\"a86jn-3-0\"><span data-offset-key=\"a86jn-3-0\">Potenziale<\/span><\/span><span data-offset-key=\"a86jn-4-0\"> verloren.<\/span><\/p>\n<p align=\"justify\"><span data-offset-key=\"a86jn-0-0\">Mit unserem gesammelten <\/span><span id=\"decorator-corrected-entity-id-82\" data-entity-key=\"82\" data-offset-key=\"a86jn-1-0\"><span data-offset-key=\"a86jn-1-0\">Know-how<\/span><\/span><span data-offset-key=\"a86jn-2-0\"> im Bereich <strong>Design for\u00a0<\/strong><\/span><strong>Manufacturing and\u00a0<\/strong><span data-offset-key=\"a86jn-6-0\"><strong>Automation<\/strong> m\u00f6chten wir gemeinsam mit Ihnen direkt beim Produktdesign anfangen, um Ihre KonstrukteurInnen\u00a0<\/span><span data-offset-key=\"a86jn-8-0\">zu unterst\u00fctzen, <\/span><span id=\"decorator-corrected-entity-id-87\" data-entity-key=\"87\" data-offset-key=\"a86jn-9-0\"><span data-offset-key=\"a86jn-9-0\">Potenziale<\/span><\/span><span data-offset-key=\"a86jn-10-0\"> zu erkennen, validieren und im Produktdesign umzusetzen.<\/span><\/p>\n[\/vc_column_text][\/vc_column][vc_column width=&#8221;1\/4&#8243;][\/vc_column][\/vc_row][vc_row][vc_column][mk_fancy_title font_family=&#8221;none&#8221;]\n<h1 class=\"docData;DOCY;v5;1659;BQiAAgAAEcIDAAAGxgMAAAO5BQAABccFAAAAAAAAAAAAAAAAAAAAAAAAAAAAAAAAAAAAAAAAAAAAAAAAAAAAAAAAAAAAAAAAAAAAAAAAAAAAAAAAAAAAAAAAAAAAAAAAAAAAAAAAAAAAAAAAAAAAAAAAAAAAAAAAAAAAAAAAAAAAAAAAAAAAAAAAAAAAAAAAAAAAAAAAAAAAAAAAAAAAAAAAAAAAAAAAAAAAAAAAAAAAAAAAAAAAAAAAAAAAAAAAAAAAAAAAAAAAAAAAAAAAAAAAAAAAAAAAAAAAAAAAAAAAAAAAAAAAAAAAAAAAAAAAAAAAAAAAAAAAAAAAAAAAAAAAAAAAAAAAAAAAAAAAAAAAAAAAAAAAAAAAAAAAAAAAAAAAAAAAAAAAAAAAAAAAAAAAAAAAAAAAAAAAAAAAAAAAAAAAAAAAAAAAAAAAAAAAAAAAAAAAAAAAAAAAAAAAAAAAAAAAAAAAAAAAAAAAAAAAAAAAAAAAAAAAAAAAAAAAAAAAAAAAAAAAAAAAAAAAAAAAAAAAAAAAAAAAAAAAAAAAAAAAAAAAAAAAAAAAAAAAAAAAAAAAAAAAAAAAAAAAAAAAAAAAAAAAAAAAAAAAAAAAAAAAAAAAAAAAAAAAAAAAAAAAAAAAAAAAAAAAAAAAAAAAAAAAAAAAAAAAAAAAAAAAAAAAAAAAAAAAAAAAAAAAAAAAAAAAAAAAAAAAAAAAAAAAAAAAAAAAAAAAAAAAAAAAAAAAAAAAAAAAAAAAAAAAAAAAAAAAAAAAAAAAAAAAAAAAAAAAAAAAAAAAAAAAAAAAAAAAAAAAAAAAAAAAAAAAAAAAAAAAAAAAAAAAAAAAAD4BAAAAOQEAAAEEAAAAAAAAAAMiAAAAQwBoAHIAaQBzAHQAbwBwAGgAIABHAPwAbgB0AGgAZQByAAIEAAAAQwBHAAQ+AAAAbwBjAHQAeQBhAHYAaABmAHEAOABzAGQAXwBjAGgAcgBpAHMAdABvAHAAaAAuAGcAdQBlAG4AdABoAGUAcgAMDgAAAFQAZQBhAG0AbABhAGIABSgAAAAyADAAMgAyAC0AMQAxAC0AMAA4AFQAMQA1ADoAMwA0ADoAMAA0AFoACAEAAAABCwQAAABPhDhBBjwAAABMAPYAcwB1AG4AZwAgAGkAcwB0ACAAbgBpAGMAaAB0ACAAQwBvAGIAbwB0ACAAYgBhAHMAaQBlAHIAdAAOKAAAADIAMAAyADIALQAxADEALQAwADgAVAAxADQAOgAzADQAOgAwADQAWgAAAAAA7wEAAADqAQAAAasAAAABBhIAAAAkBAAAAAAlBAAAAAAmBAAAAAAFAQIJBhUAAAAnBHYCAAALAQAoBAAAAAApBAAAAAAaBgUAAAAJAwAAABsGZAAAAAAUAAAAAAMAAAAFBAAAAAAGBAQAAAADAQABFAAAAAADAAAABQQAAAAABgQEAAAAAwEAAhQAAAAAAwAAAAUEAAAAAAYEBAAAAAMBAAMUAAAAAAMAAAAFBAAAAAAGBAQAAAADAQACNQEAAAX5AAAAAXQAAAAEBhIAAABPAHAAZQBuACAAUwBhAG4AcwAFBhIAAABPAHAAZQBuACAAUwBhAG4AcwAHBhIAAABPAHAAZQBuACAAUwBhAG4AcwAGBhIAAABPAHAAZQBuACAAUwBhAG4AcwAIBDYAAAAJAwAAABwGAwAAAAEBDwh7AAAAAHYAAABNAGUAaAByACAA\/ABiAGUAcgAgAEQAZQBzAGkAZwBuACAAZgBvAHIAIABNAGEAbgB1AGYAYQBjAHQAdQByAGkAbgBnACAAYQBuAGQAIABBAHUAdABvAG0AYQB0AGkAbwBuACAAZQByAGYAYQBoAHIAZQBuAD8ABQ8AAAABBQAAAAkDAAAACAAAAAAFCgAAAAEAAAAACAAAAAAFDwAAAAEFAAAACQMAAAAIAAAAAAoAAAAAAAAAABEAAAAAsAAAAAASAAAAAQYAAAAACQYAAAAAGwYAAAAAAY8AAAAEBg4AAABDAGEAbABpAGIAcgBpAAUGDgAAAEMAYQBsAGkAYgByAGkABwYOAAAAQwBhAGwAaQBiAHIAaQAGBg4AAABDAGEAbABpAGIAcgBpABMBAQgEGAAAABYEGAAAABkGCgAAAGUAbgAtAEcAQgAaBgoAAABhAHIALQBTAEEAGwYKAAAAegBoAC0AQwBOAAIAAAAA\" style=\"text-align: center;\">Mehr \u00fcber Design for Manufacturing and Automation erfahren?<\/h1>\n[\/mk_fancy_title][\/vc_column][\/vc_row][vc_row][vc_column width=&#8221;1\/3&#8243;][\/vc_column][vc_column width=&#8221;1\/3&#8243;][vc_column_text css=&#8221;.vc_custom_1668157204460{margin-bottom: 0px !important;}&#8221;]\n<p class=\"docData;DOCY;v5;2264;BQiAAgAAEcIDAAAGxgMAAAMWCAAABSQIAAAAAAAAAAAAAAAAAAAAAAAAAAAAAAAAAAAAAAAAAAAAAAAAAAAAAAAAAAAAAAAAAAAAAAAAAAAAAAAAAAAAAAAAAAAAAAAAAAAAAAAAAAAAAAAAAAAAAAAAAAAAAAAAAAAAAAAAAAAAAAAAAAAAAAAAAAAAAAAAAAAAAAAAAAAAAAAAAAAAAAAAAAAAAAAAAAAAAAAAAAAAAAAAAAAAAAAAAAAAAAAAAAAAAAAAAAAAAAAAAAAAAAAAAAAAAAAAAAAAAAAAAAAAAAAAAAAAAAAAAAAAAAAAAAAAAAAAAAAAAAAAAAAAAAAAAAAAAAAAAAAAAAAAAAAAAAAAAAAAAAAAAAAAAAAAAAAAAAAAAAAAAAAAAAAAAAAAAAAAAAAAAAAAAAAAAAAAAAAAAAAAAAAAAAAAAAAAAAAAAAAAAAAAAAAAAAAAAAAAAAAAAAAAAAAAAAAAAAAAAAAAAAAAAAAAAAAAAAAAAAAAAAAAAAAAAAAAAAAAAAAAAAAAAAAAAAAAAAAAAAAAAAAAAAAAAAAAAAAAAAAAAAAAAAAAAAAAAAAAAAAAAAAAAAAAAAAAAAAAAAAAAAAAAAAAAAAAAAAAAAAAAAAAAAAAAAAAAAAAAAAAAAAAAAAAAAAAAAAAAAAAAAAAAAAAAAAAAAAAAAAAAAAAAAAAAAAAAAAAAAAAAAAAAAAAAAAAAAAAAAAAAAAAAAAAAAAAAAAAAAAAAAAAAAAAAAAAAAAAAAAAAAAAAAAAAAAAAAAAAAAAAAAAAAAAAAAAAAAAAAAAAAAAAAAAAAAAAAAAAAAAAAAAAAAAAAAAAAAAAD4BAAAAOQEAAAEEAAAAAAAAAAMiAAAAQwBoAHIAaQBzAHQAbwBwAGgAIABHAPwAbgB0AGgAZQByAAIEAAAAQwBHAAQ+AAAAbwBjAHQAeQBhAHYAaABmAHEAOABzAGQAXwBjAGgAcgBpAHMAdABvAHAAaAAuAGcAdQBlAG4AdABoAGUAcgAMDgAAAFQAZQBhAG0AbABhAGIABSgAAAAyADAAMgAyAC0AMQAxAC0AMAA4AFQAMQA1ADoAMwA0ADoAMAA0AFoACAEAAAABCwQAAABPhDhBBjwAAABMAPYAcwB1AG4AZwAgAGkAcwB0ACAAbgBpAGMAaAB0ACAAQwBvAGIAbwB0ACAAYgBhAHMAaQBlAHIAdAAOKAAAADIAMAAyADIALQAxADEALQAwADgAVAAxADQAOgAzADQAOgAwADQAWgAAAAAATAQAAABHBAAAAasAAAABBhIAAAAkBAAAAAAlBAAAAAAmBAAAAAAFAQIJBhUAAAAnBLMBAAALAQAoBAAAAAApBAAAAAAaBgUAAAAJAwAAABsGZAAAAAAUAAAAAAMAAAAFBAAAAAAGBAQAAAADAQABFAAAAAADAAAABQQAAAAABgQEAAAAAwEAAhQAAAAAAwAAAAUEAAAAAAYEBAAAAAMBAAMUAAAAAAMAAAAFBAAAAAAGBAQAAAADAQACkgMAAAWxAAAAAXQAAAAEBhIAAABPAHAAZQBuACAAUwBhAG4AcwAFBhIAAABPAHAAZQBuACAAUwBhAG4AcwAHBhIAAABPAHAAZQBuACAAUwBhAG4AcwAGBhIAAABPAHAAZQBuACAAUwBhAG4AcwAIBBgAAAAJAwAAABwGAwAAAAEBDwgzAAAAAC4AAABFAHIAZgBhAGgAcgBlAG4AIABTAGkAZQAgAG0AZQBoAHIAIAD8AGIAZQByACAABdYAAAABdwAAAAABAQQGEgAAAE8AcABlAG4AIABTAGEAbgBzAAUGEgAAAE8AcABlAG4AIABTAGEAbgBzAAcGEgAAAE8AcABlAG4AIABTAGEAbgBzAAYGEgAAAE8AcABlAG4AIABTAGEAbgBzAAgEGAAAAAkDAAAAHAYDAAAAAQEPCFUAAAAAUAAAAEQAZQBzAGkAZwBuACAAZgBvAHIAIABNAGEAbgB1AGYAYQBjAHQAdQByAGkAbgBnACAAYQBuAGQAIABBAHUAdABvAG0AYQB0AGkAbwBuACAABcUBAAABdAAAAAQGEgAAAE8AcABlAG4AIABTAGEAbgBzAAUGEgAAAE8AcABlAG4AIABTAGEAbgBzAAcGEgAAAE8AcABlAG4AIABTAGEAbgBzAAYGEgAAAE8AcABlAG4AIABTAGEAbgBzAAgEGAAAAAkDAAAAHAYDAAAAAQEPCEcBAAAAvAAAAHUAbgBkACAAcwBlAGgAZQBuACAAUwBpAGUAIABzAGUAbABiAHMAdAAsACAAdwBpAGUAIAB3AGkAcgAgAGkAaAByAGUAbgAgAFAAcgBvAHoAZQBzAHMAIABkAHUAcgBjAGgAIABlAGkAbgBlACAAVABlAGkAbABhAHUAdABvAG0AYQB0AGkAcwBpAGUAcgB1AG4AZwAgAG8AcAB0AGkAbQBpAGUAcgBlAG4AIABrAPYAbgBuAGUAbgAuAKAABQAAAAAAfAAAAFcAZQBuAGQAZQBuACAAUwBpAGUAIABzAGkAYwBoACAAYQBuACAAQQB3AGUAcwBvAG0AZQAgAFQAZQBjAGgAbgBvAGwAbwBnAGkAZQBzACAASQBuAG4AbwB2AGEAdABpAG8AbgBzAGwAYQBiAG8AcgAgAEcAbQBiAEgALgAFDwAAAAEFAAAACQMAAAAIAAAAAAUKAAAAAQAAAAAIAAAAAAUPAAAAAQUAAAAJAwAAAAgAAAAACgAAAAAAAAAAEQAAAACwAAAAABIAAAABBgAAAAAJBgAAAAAbBgAAAAABjwAAAAQGDgAAAEMAYQBsAGkAYgByAGkABQYOAAAAQwBhAGwAaQBiAHIAaQAHBg4AAABDAGEAbABpAGIAcgBpAAYGDgAAAEMAYQBsAGkAYgByAGkAEwEBCAQYAAAAFgQYAAAAGQYKAAAAZQBuAC0ARwBCABoGCgAAAGEAcgAtAFMAQQAbBgoAAAB6AGgALQBDAE4AAgAAAAA=\" style=\"text-align: center;\">Erfahren Sie mehr \u00fcber <b>Design for Manufacturing and Automation <\/b>und sehen Sie selbst, wie wir ihren Prozess durch eine Teilautomatisierung optimieren k\u00f6nnen.<br \/>\nWenden Sie sich an Awesome Technologies Innovationslabor GmbH.<\/p>\n[\/vc_column_text][\/vc_column][vc_column width=&#8221;1\/3&#8243;][\/vc_column][\/vc_row]\n","protected":false},"excerpt":{"rendered":"<p>[vc_row][vc_column width=&#8221;1\/4&#8243;][\/vc_column][vc_column width=&#8221;1\/2&#8243;][vc_column_text css=&#8221;.vc_custom_1668157923324{margin-bottom: 0px !important;}&#8221;] Die Motivation, Montagevorg\u00e4nge von einer manuellen hin zu einer automatisierten Durchf\u00fchrung zu ver\u00e4ndern, bleibt hoch und nimmt weiter zu. Neben wirtschaftlichen Gr\u00fcnden sind h\u00e4ufig ergonomische Aspekte oder Qualit\u00e4tsfaktoren f\u00fcr die Entscheidung zur Automatisierung ausschlaggebend. Wer auf die Automatisierungs- und Digitalisierungsschiene aufspringen m\u00f6chte, sollte also fr\u00fch anfangen. Idealerweise beginnt dieser [&hellip;]<\/p>\n","protected":false},"author":20,"featured_media":0,"parent":0,"menu_order":0,"comment_status":"closed","ping_status":"closed","template":"","meta":{"_links_to":"","_links_to_target":""},"_links":{"self":[{"href":"https:\/\/awesome-technologies.de\/en\/wp-json\/wp\/v2\/pages\/10317"}],"collection":[{"href":"https:\/\/awesome-technologies.de\/en\/wp-json\/wp\/v2\/pages"}],"about":[{"href":"https:\/\/awesome-technologies.de\/en\/wp-json\/wp\/v2\/types\/page"}],"author":[{"embeddable":true,"href":"https:\/\/awesome-technologies.de\/en\/wp-json\/wp\/v2\/users\/20"}],"replies":[{"embeddable":true,"href":"https:\/\/awesome-technologies.de\/en\/wp-json\/wp\/v2\/comments?post=10317"}],"version-history":[{"count":1,"href":"https:\/\/awesome-technologies.de\/en\/wp-json\/wp\/v2\/pages\/10317\/revisions"}],"predecessor-version":[{"id":10318,"href":"https:\/\/awesome-technologies.de\/en\/wp-json\/wp\/v2\/pages\/10317\/revisions\/10318"}],"wp:attachment":[{"href":"https:\/\/awesome-technologies.de\/en\/wp-json\/wp\/v2\/media?parent=10317"}],"curies":[{"name":"wp","href":"https:\/\/api.w.org\/{rel}","templated":true}]}}