{"id":7880,"date":"2020-03-26T14:37:13","date_gmt":"2020-03-26T14:37:13","guid":{"rendered":"https:\/\/awesome-technologies.de\/testseite"},"modified":"2021-01-18T17:47:31","modified_gmt":"2021-01-18T17:47:31","slug":"testseite","status":"publish","type":"page","link":"https:\/\/awesome-technologies.de\/en\/testseite","title":{"rendered":"testseite"},"content":{"rendered":"[vc_row][vc_column width=&#8221;1\/2&#8243;][mk_fancy_title color=&#8221;#383838&#8243; size=&#8221;60&#8243; force_font_size=&#8221;true&#8221; size_smallscreen=&#8221;50&#8243; size_tablet=&#8221;40&#8243; size_phone=&#8221;30&#8243; font_family=&#8221;none&#8221;]ohne revision[\/mk_fancy_title][\/vc_column][vc_column width=&#8221;1\/2&#8243;][vc_column_text css=&#8221;.vc_custom_1585233137192{margin-bottom: 0px !important;}&#8221;]I am text block. Click edit button to change this text. Lorem ipsum dolor sit amet, consectetur adipiscing elit. Ut elit tellus, luctus nec ullamcorper mattis, pulvinar dapibus leo. halli hallo.[\/vc_column_text][\/vc_column][\/vc_row][vc_row][vc_column][vc_gallery type=&#8221;image_grid&#8221; images=&#8221;6838,6857,6837,6839,6817,6800&#8243; img_size=&#8221;120&#215;120&#8243; onclick=&#8221;&#8221;][\/vc_column][\/vc_row][vc_row][vc_column width=&#8221;1\/2&#8243;][vc_column_text css=&#8221;.vc_custom_1585233137192{margin-bottom: 0px !important;}&#8221;]I am text block. Click edit button to change this text. Lorem ipsum dolor sit amet, consectetur adipiscing elit. Ut elit tellus, luctus nec ullamcorper mattis, pulvinar dapibus leo. halli hallo.[\/vc_column_text][\/vc_column][vc_column width=&#8221;1\/2&#8243;][vc_column_text css=&#8221;.vc_custom_1585233137192{margin-bottom: 0px !important;}&#8221;]I am text block. Click edit button to change this text. Lorem ipsum dolor sit amet, consectetur adipiscing elit. Ut elit tellus, luctus nec ullamcorper mattis, pulvinar dapibus leo. halli hallo.[\/vc_column_text][\/vc_column][\/vc_row][mk_page_section bg_image=&#8221;https:\/\/awesome-technologies.de\/wp-content\/uploads\/2020\/02\/1535-1024.jpg&#8221; bg_image_portrait=&#8221;https:\/\/awesome-technologies.de\/wp-content\/uploads\/2020\/03\/1535-1024-1.jpg&#8221; bg_stretch=&#8221;true&#8221; enable_3d=&#8221;true&#8221; speed_factor=&#8221;0.9&#8243; video_color_mask=&#8221;#000000&#8243; video_opacity=&#8221;0.3&#8243; padding_top=&#8221;100&#8243; padding_bottom=&#8221;100&#8243; sidebar=&#8221;sidebar-1&#8243;][vc_column width=&#8221;1\/2&#8243;][mk_fancy_title color=&#8221;#ffffff&#8221; size=&#8221;60&#8243; force_font_size=&#8221;true&#8221; size_smallscreen=&#8221;50&#8243; size_tablet=&#8221;40&#8243; size_phone=&#8221;30&#8243; font_family=&#8221;none&#8221;]Headline[\/mk_fancy_title][\/vc_column][vc_column width=&#8221;1\/2&#8243;][vc_column_text css=&#8221;.vc_custom_1585234180687{margin-bottom: 0px !important;}&#8221;]<span style=\"color: #ffffff;\">I am text block. Click edit button to change this text. Lorem ipsum dolor sit amet, consectetur adipiscing elit. Ut elit tellus, luctus nec ullamcorper mattis, pulvinar dapibus leo. halli hallo.<\/span>[\/vc_column_text][\/vc_column][\/mk_page_section][vc_row][vc_column css=&#8221;.vc_custom_1411568693725{padding-top: 90px !important;padding-bottom: 100px !important;}&#8221;][vc_row_inner][vc_column_inner width=&#8221;1\/3&#8243;][mk_icon_box icon=&#8221;mk-li-lab&#8221; title=&#8221;ACPS.remote&#8221; text_size=&#8221;20&#8243; circled=&#8221;true&#8221; icon_color=&#8221;#ffffff&#8221; icon_circle_color=&#8221;#de235b&#8221; title_color=&#8221;#333333&#8243; txt_color=&#8221;#888888&#8243; txt_link_color=&#8221;#de235b&#8221; margin=&#8221;0&#8243; box_blur=&#8221;false&#8221;]ACPS Remote Support ist unsere Software as a Service Support L\u00f6sung f\u00fcr die eigene Wartung oder als Servicel\u00f6sung f\u00fcr Ihre Kunden.[\/mk_icon_box][\/vc_column_inner][vc_column_inner width=&#8221;1\/3&#8243;][mk_icon_box icon=&#8221;mk-li-lab&#8221; title=&#8221;Customisable&#8221; text_size=&#8221;20&#8243; circled=&#8221;true&#8221; icon_color=&#8221;#ffffff&#8221; icon_circle_color=&#8221;#de235b&#8221; title_color=&#8221;#333333&#8243; txt_color=&#8221;#888888&#8243; txt_link_color=&#8221;#de235b&#8221; margin=&#8221;0&#8243; box_blur=&#8221;false&#8221;]text text text text text text text text text text text text text text text text text text text text text text text text text text text text text text text text text[\/mk_icon_box][\/vc_column_inner][vc_column_inner width=&#8221;1\/3&#8243;][mk_icon_box icon=&#8221;mk-li-lab&#8221; title=&#8221;Customisable&#8221; text_size=&#8221;20&#8243; circled=&#8221;true&#8221; icon_color=&#8221;#ffffff&#8221; icon_circle_color=&#8221;#de235b&#8221; title_color=&#8221;#333333&#8243; txt_color=&#8221;#888888&#8243; txt_link_color=&#8221;#de235b&#8221; margin=&#8221;0&#8243; box_blur=&#8221;false&#8221;]text text text text text text text text text text text text text text text text text text text text text text text text text text text text text text text text text[\/mk_icon_box][\/vc_column_inner][\/vc_row_inner][\/vc_column][\/vc_row]\n","protected":false},"excerpt":{"rendered":"<p>[vc_row][vc_column width=&#8221;1\/2&#8243;][mk_fancy_title color=&#8221;#383838&#8243; size=&#8221;60&#8243; force_font_size=&#8221;true&#8221; size_smallscreen=&#8221;50&#8243; size_tablet=&#8221;40&#8243; size_phone=&#8221;30&#8243; font_family=&#8221;none&#8221;]ohne revision[\/mk_fancy_title][\/vc_column][vc_column width=&#8221;1\/2&#8243;][vc_column_text css=&#8221;.vc_custom_1585233137192{margin-bottom: 0px !important;}&#8221;]I am text block. Click edit button to change this text. Lorem ipsum dolor sit amet, consectetur adipiscing elit. Ut elit tellus, luctus nec ullamcorper mattis, pulvinar dapibus leo. halli hallo.[\/vc_column_text][\/vc_column][\/vc_row][vc_row][vc_column][vc_gallery type=&#8221;image_grid&#8221; images=&#8221;6838,6857,6837,6839,6817,6800&#8243; img_size=&#8221;120&#215;120&#8243; onclick=&#8221;&#8221;][\/vc_column][\/vc_row][vc_row][vc_column width=&#8221;1\/2&#8243;][vc_column_text css=&#8221;.vc_custom_1585233137192{margin-bottom: 0px !important;}&#8221;]I am text block. [&hellip;]<\/p>\n","protected":false},"author":6,"featured_media":0,"parent":0,"menu_order":0,"comment_status":"closed","ping_status":"closed","template":"","meta":{"_links_to":"","_links_to_target":""},"_links":{"self":[{"href":"https:\/\/awesome-technologies.de\/en\/wp-json\/wp\/v2\/pages\/7880"}],"collection":[{"href":"https:\/\/awesome-technologies.de\/en\/wp-json\/wp\/v2\/pages"}],"about":[{"href":"https:\/\/awesome-technologies.de\/en\/wp-json\/wp\/v2\/types\/page"}],"author":[{"embeddable":true,"href":"https:\/\/awesome-technologies.de\/en\/wp-json\/wp\/v2\/users\/6"}],"replies":[{"embeddable":true,"href":"https:\/\/awesome-technologies.de\/en\/wp-json\/wp\/v2\/comments?post=7880"}],"version-history":[{"count":1,"href":"https:\/\/awesome-technologies.de\/en\/wp-json\/wp\/v2\/pages\/7880\/revisions"}],"predecessor-version":[{"id":7886,"href":"https:\/\/awesome-technologies.de\/en\/wp-json\/wp\/v2\/pages\/7880\/revisions\/7886"}],"wp:attachment":[{"href":"https:\/\/awesome-technologies.de\/en\/wp-json\/wp\/v2\/media?parent=7880"}],"curies":[{"name":"wp","href":"https:\/\/api.w.org\/{rel}","templated":true}]}}