{"id":7897,"date":"2020-02-19T11:11:00","date_gmt":"2020-02-19T11:11:00","guid":{"rendered":"https:\/\/awesome-technologies.de\/acps-remote"},"modified":"2021-01-29T13:08:09","modified_gmt":"2021-01-29T13:08:09","slug":"acps-remote","status":"publish","type":"page","link":"https:\/\/awesome-technologies.de\/en\/acps\/acps-remote","title":{"rendered":"ACPS.remote"},"content":{"rendered":"[mk_page_section bg_image=&#8221;https:\/\/awesome-technologies.de\/wp-content\/uploads\/2020\/03\/bannerbild.jpg&#8221; bg_image_portrait=&#8221;https:\/\/awesome-technologies.de\/wp-content\/uploads\/2020\/03\/unbenannt.png&#8221; bg_color=&#8221;#ffffff&#8221; bg_position=&#8221;right center&#8221; bg_repeat=&#8221;no-repeat&#8221; bg_stretch=&#8221;true&#8221; enable_3d=&#8221;true&#8221; adaptive_height=&#8221;true&#8221; overflow=&#8221;true&#8221; max_height=&#8221;700&#8243; min_height=&#8221;300&#8243; js_vertical_centered=&#8221;true&#8221; padding_top=&#8221;100&#8243; padding_bottom=&#8221;100&#8243; sidebar=&#8221;sidebar-1&#8243;][vc_column width=&#8221;2\/3&#8243;][mk_fancy_title tag_name=&#8221;h3&#8243; size=&#8221;70&#8243; force_font_size=&#8221;true&#8221; size_smallscreen=&#8221;60&#8243; size_tablet=&#8221;50&#8243; size_phone=&#8221;40&#8243; font_weight=&#8221;400&#8243; txt_transform=&#8221;none&#8221; margin_bottom=&#8221;0&#8243; font_family=&#8221;none&#8221;]ACPS.remote Support[\/mk_fancy_title][mk_fancy_title tag_name=&#8221;h4&#8243; size=&#8221;35&#8243; force_font_size=&#8221;true&#8221; size_smallscreen=&#8221;30&#8243; size_tablet=&#8221;25&#8243; size_phone=&#8221;20&#8243; font_weight=&#8221;400&#8243; txt_transform=&#8221;none&#8221; margin_bottom=&#8221;0&#8243; font_family=&#8221;none&#8221;]Remote maintenance made easy[\/mk_fancy_title][\/vc_column][vc_column width=&#8221;1\/3&#8243;][\/vc_column][\/mk_page_section][mk_page_section bg_image=&#8221;https:\/\/awesome-technologies.de\/wp-content\/uploads\/2020\/02\/1535-1024.jpg&#8221; bg_position=&#8221;center center&#8221; bg_repeat=&#8221;no-repeat&#8221; bg_stretch=&#8221;true&#8221; bg_gradient=&#8221;left_top&#8221; video_color_mask=&#8221;#f9b867&#8243; gr_end=&#8221;#e7284d&#8221; video_opacity=&#8221;0.9&#8243; padding_top=&#8221;50&#8243; padding_bottom=&#8221;100&#8243; el_class=&#8221;overflowvisible&#8221; sidebar=&#8221;sidebar-1&#8243;][vc_column][mk_image_slideshow images=&#8221;6934,6935,6936,6937,6938&#8243; image_width=&#8221;230&#8243; image_height=&#8221;480&#8243; margin_top=&#8221;-200&#8243; el_class=&#8221;handyslider&#8221;][vc_row_inner][vc_column_inner width=&#8221;1\/6&#8243;][\/vc_column_inner][vc_column_inner width=&#8221;2\/3&#8243;][mk_fancy_title tag_name=&#8221;h3&#8243; color=&#8221;#ffffff&#8221; size=&#8221;55&#8243; force_font_size=&#8221;true&#8221; size_smallscreen=&#8221;45&#8243; size_tablet=&#8221;35&#8243; size_phone=&#8221;30&#8243; font_weight=&#8221;400&#8243; txt_transform=&#8221;none&#8221; margin_bottom=&#8221;0&#8243; font_family=&#8221;none&#8221; align=&#8221;center&#8221;]About ACPS.remote[\/mk_fancy_title][vc_column_text disable_pattern=&#8221;false&#8221; align=&#8221;center&#8221; css=&#8221;.vc_custom_1599140145673{margin-bottom: 0px !important;}&#8221;]<span style=\"color: #ffffff;\">ACPS.remote ist unsere benutzerfreundliche Software as a Service-Support-L\u00f6sung f\u00fcr eigene Wartungsf\u00e4lle oder als Serviceunterst\u00fctzung f\u00fcr Ihre Kunden.<br \/>\nKommunizieren Sie \u00fcber Chat, Bilder und Videos in Echtzeit!<\/span>[\/vc_column_text][\/vc_column_inner][vc_column_inner width=&#8221;1\/6&#8243;][\/vc_column_inner][\/vc_row_inner][vc_empty_space][\/vc_column][vc_column width=&#8221;1\/2&#8243;][mk_fancy_title tag_name=&#8221;h4&#8243; color=&#8221;#ffffff&#8221; size=&#8221;30&#8243; font_weight=&#8221;400&#8243; txt_transform=&#8221;none&#8221; margin_bottom=&#8221;0&#8243; font_family=&#8221;none&#8221; responsive_align=&#8221;left&#8221;]ACPS.remote offers:[\/mk_fancy_title][mk_custom_list style=&#8221;mk-icon-angle-right&#8221; icon_color=&#8221;#ffffff&#8221;]\n<ul>\n<li><span style=\"color: #ffffff;\">A DSGVO-compliant communication solution<\/span><\/li>\n<li><span style=\"color: #ffffff;\">An integrated messenger for your team and customers<\/span><\/li>\n<li><span style=\"color: #ffffff;\">Structured customizable maintenance cases<\/span><\/li>\n<li><span style=\"color: #ffffff;\">Voice messaging, voice calls, video calls<\/span><\/li>\n<li><span style=\"color: #ffffff;\">Platform-independent (iOS, Android, Desktop)<\/span><\/li>\n<li><span style=\"color: #ffffff;\">Secure data transmission (end-to-end encryption)<\/span><\/li>\n<li><span style=\"color: #ffffff;\">Graduated rights concept (for your experts and technicians)<\/span><\/li>\n<\/ul>\n[\/mk_custom_list][\/vc_column][vc_column width=&#8221;1\/2&#8243;][mk_fancy_title tag_name=&#8221;h4&#8243; color=&#8221;#ffffff&#8221; size=&#8221;30&#8243; font_weight=&#8221;400&#8243; txt_transform=&#8221;none&#8221; margin_bottom=&#8221;0&#8243; font_family=&#8221;none&#8221; responsive_align=&#8221;left&#8221;]Individuelle Anpassungen:[\/mk_fancy_title][mk_custom_list style=&#8221;mk-icon-angle-right&#8221; icon_color=&#8221;#ffffff&#8221;]\n<ul>\n<li><span style=\"color: #ffffff;\">Available as white label in your own design, for internal processes or as a service solution for your customers<\/span><\/li>\n<li><span style=\"color: #ffffff;\">Integration in existing systems and user directories<\/span><\/li>\n<li><span style=\"color: #ffffff;\">Integration of your machines for data exchange<\/span><\/li>\n<li><span style=\"color: #ffffff;\">Augmented Reality: visual orientation through additionally drawn or highlighted elements or as a manual for service questions<\/span><\/li>\n<\/ul>\n[\/mk_custom_list][\/vc_column][\/mk_page_section][vc_row fullwidth=&#8221;true&#8221; fullwidth_content=&#8221;false&#8221; css=&#8221;.vc_custom_1584133430764{padding-top: 75px !important;padding-right: 30px !important;padding-bottom: 75px !important;padding-left: 30px !important;background-color: #efefef !important;}&#8221; el_class=&#8221;overflowvisible&#8221;][vc_column][mk_fancy_title tag_name=&#8221;h3&#8243; size=&#8221;&#8221; font_weight=&#8221;400&#8243; txt_transform=&#8221;none&#8221; margin_bottom=&#8221;0&#8243; font_family=&#8221;none&#8221; align=&#8221;center&#8221; responsive_align=&#8221;left&#8221;]We help you to get from buzzword to business &#8211; are you interested?[\/mk_fancy_title][mk_fancy_title tag_name=&#8221;h4&#8243; size=&#8221;&#8221; font_weight=&#8221;400&#8243; txt_transform=&#8221;none&#8221; font_family=&#8221;none&#8221; align=&#8221;center&#8221; responsive_align=&#8221;left&#8221;]Nehmen Sie Kontakt zu uns auf! Wir kommen gern zu einem unverbindlichen ersten Analyse-Gespr\u00e4ch bei Ihnen vorbei.[\/mk_fancy_title][mk_button dimension=&#8221;flat&#8221; size=&#8221;large&#8221; url=&#8221;\/kontakt\/&#8221; align=&#8221;center&#8221; margin_top=&#8221;20&#8243; margin_bottom=&#8221;&#8221; margin_right=&#8221;&#8221; bg_color=&#8221;#333333&#8243; btn_hover_bg=&#8221;#555555&#8243; btn_hover_txt_color=&#8221;#ffffff&#8221;]Contact us[\/mk_button][\/vc_column][\/vc_row]\n","protected":false},"excerpt":{"rendered":"<p>[mk_page_section bg_image=&#8221;https:\/\/awesome-technologies.de\/wp-content\/uploads\/2020\/03\/bannerbild.jpg&#8221; bg_image_portrait=&#8221;https:\/\/awesome-technologies.de\/wp-content\/uploads\/2020\/03\/unbenannt.png&#8221; bg_color=&#8221;#ffffff&#8221; bg_position=&#8221;right center&#8221; bg_repeat=&#8221;no-repeat&#8221; bg_stretch=&#8221;true&#8221; enable_3d=&#8221;true&#8221; adaptive_height=&#8221;true&#8221; overflow=&#8221;true&#8221; max_height=&#8221;700&#8243; min_height=&#8221;300&#8243; js_vertical_centered=&#8221;true&#8221; padding_top=&#8221;100&#8243; padding_bottom=&#8221;100&#8243; sidebar=&#8221;sidebar-1&#8243;][vc_column width=&#8221;2\/3&#8243;][mk_fancy_title tag_name=&#8221;h3&#8243; size=&#8221;70&#8243; force_font_size=&#8221;true&#8221; size_smallscreen=&#8221;60&#8243; size_tablet=&#8221;50&#8243; size_phone=&#8221;40&#8243; font_weight=&#8221;400&#8243; txt_transform=&#8221;none&#8221; margin_bottom=&#8221;0&#8243; font_family=&#8221;none&#8221;]ACPS.remote Support[\/mk_fancy_title][mk_fancy_title tag_name=&#8221;h4&#8243; size=&#8221;35&#8243; force_font_size=&#8221;true&#8221; size_smallscreen=&#8221;30&#8243; size_tablet=&#8221;25&#8243; size_phone=&#8221;20&#8243; font_weight=&#8221;400&#8243; txt_transform=&#8221;none&#8221; margin_bottom=&#8221;0&#8243; font_family=&#8221;none&#8221;]Remote maintenance made easy[\/mk_fancy_title][\/vc_column][vc_column width=&#8221;1\/3&#8243;][\/vc_column][\/mk_page_section][mk_page_section bg_image=&#8221;https:\/\/awesome-technologies.de\/wp-content\/uploads\/2020\/02\/1535-1024.jpg&#8221; bg_position=&#8221;center center&#8221; bg_repeat=&#8221;no-repeat&#8221; bg_stretch=&#8221;true&#8221; bg_gradient=&#8221;left_top&#8221; video_color_mask=&#8221;#f9b867&#8243; gr_end=&#8221;#e7284d&#8221; video_opacity=&#8221;0.9&#8243; padding_top=&#8221;50&#8243; padding_bottom=&#8221;100&#8243; el_class=&#8221;overflowvisible&#8221; [&hellip;]<\/p>\n","protected":false},"author":6,"featured_media":0,"parent":7993,"menu_order":0,"comment_status":"closed","ping_status":"closed","template":"","meta":{"_links_to":"","_links_to_target":""},"_links":{"self":[{"href":"https:\/\/awesome-technologies.de\/en\/wp-json\/wp\/v2\/pages\/7897"}],"collection":[{"href":"https:\/\/awesome-technologies.de\/en\/wp-json\/wp\/v2\/pages"}],"about":[{"href":"https:\/\/awesome-technologies.de\/en\/wp-json\/wp\/v2\/types\/page"}],"author":[{"embeddable":true,"href":"https:\/\/awesome-technologies.de\/en\/wp-json\/wp\/v2\/users\/6"}],"replies":[{"embeddable":true,"href":"https:\/\/awesome-technologies.de\/en\/wp-json\/wp\/v2\/comments?post=7897"}],"version-history":[{"count":3,"href":"https:\/\/awesome-technologies.de\/en\/wp-json\/wp\/v2\/pages\/7897\/revisions"}],"predecessor-version":[{"id":8331,"href":"https:\/\/awesome-technologies.de\/en\/wp-json\/wp\/v2\/pages\/7897\/revisions\/8331"}],"up":[{"embeddable":true,"href":"https:\/\/awesome-technologies.de\/en\/wp-json\/wp\/v2\/pages\/7993"}],"wp:attachment":[{"href":"https:\/\/awesome-technologies.de\/en\/wp-json\/wp\/v2\/media?parent=7897"}],"curies":[{"name":"wp","href":"https:\/\/api.w.org\/{rel}","templated":true}]}}