{"id":7989,"date":"2020-01-24T09:20:17","date_gmt":"2020-01-24T09:20:17","guid":{"rendered":"https:\/\/awesome-technologies.de\/awesome-technologies"},"modified":"2023-12-22T08:04:16","modified_gmt":"2023-12-22T08:04:16","slug":"awesome-technologies","status":"publish","type":"page","link":"https:\/\/awesome-technologies.de\/en\/awesome-technologies","title":{"rendered":"Awesome Technologies"},"content":{"rendered":"[vc_row fullwidth=&#8221;true&#8221; fullwidth_content=&#8221;false&#8221; css=&#8221;.vc_custom_1581510309204{padding-top: 150px !important;padding-bottom: 150px !important;background-image: url(https:\/\/awesome-technologies.de\/wp-content\/uploads\/2020\/02\/awesome-bg-2.jpg?id=6315) !important;background-position: center !important;background-repeat: no-repeat !important;background-size: cover !important;}&#8221;][vc_column width=&#8221;2\/5&#8243;][vc_empty_space height=&#8221;50px&#8221;][vc_column_text css=&#8221;.vc_custom_1611919627988{margin-bottom: 0px !important;}&#8221;]<span style=\"color: #ffffff;\">Awesome Technologies aims to enable employees to translate their enthusiasm for and knowledge of new technologies into meaningful applications, and then into scaling. In doing so, we follow the path of responsible innovation.<br \/>\nThe cross-functional team of computer scientists, engineers and business managers brings diverse perspectives to the human-centered co-innovation approach. The values of Awesome Technologies&#8217; corporate culture are applied to customer contact. Only together and with different competencies and perspectives can we use digitalization to everyone&#8217;s advantage.<\/span>[\/vc_column_text][\/vc_column][vc_column width=&#8221;1\/12&#8243; css=&#8221;.vc_custom_1581506532442{padding-left: 50px !important;}&#8221; offset=&#8221;vc_col-lg-3\/5 vc_col-md-3\/5 vc_col-xs-12&#8243;][mk_image src=&#8221;https:\/\/awesome-technologies.de\/wp-content\/uploads\/2017\/11\/Awesome-Logo_RZ_RGB_invertiert_3x.png&#8221; image_size=&#8221;full&#8221;][\/vc_column][vc_column][vc_empty_space height=&#8221;50px&#8221;][\/vc_column][vc_column width=&#8221;4\/5&#8243;][\/vc_column][vc_column width=&#8221;1\/5&#8243;][\/vc_column][vc_column][\/vc_column][vc_column width=&#8221;2\/3&#8243;][mk_custom_box padding_horizental=&#8221;50&#8243; margin_bottom=&#8221;0&#8243; background_style=&#8221;gradient_color&#8221; bg_grandient_color_from=&#8221;#941680&#8243; bg_grandient_color_to=&#8221;#482282&#8243; bg_gradient_color_angle=&#8221;diagonal_left_bottom&#8221; bg_grandient_color_fallback=&#8221;#941680&#8243; background_hov_color_style=&#8221;gradient_color&#8221;][vc_row_inner][vc_column_inner width=&#8221;1\/2&#8243;][vc_column_text css=&#8221;.vc_custom_1599139212469{margin-bottom: 0px !important;}&#8221;]<span class=\"Linkify\" style=\"color: #ffffff;\">Als Entscheider in bisher wenig digitalisierten Branchen stehen Sie einer Vielzahl an Innovationen gegen\u00fcber. Bevor Sie eine Kaufentscheidung treffen, m\u00f6chten Sie diese beurteilen k\u00f6nnen. Die Entwicklungen der n\u00e4chsten Jahre im Technologiebereich spielen dabei ebenfalls eine gro\u00dfe Rolle. Wir kennen diese Situation aus vielen Gespr\u00e4chen mit unseren bisherigen Kunden und wissen, dass dies die Integration und Nutzung von Innovationen hemmt.<\/span>[\/vc_column_text][\/vc_column_inner][vc_column_inner width=&#8221;1\/2&#8243;][vc_column_text css=&#8221;.vc_custom_1611919773693{margin-bottom: 0px !important;}&#8221;]<span class=\"Linkify\" style=\"color: #ffffff;\">Awesome Technologies is your trusted partner here, developing and implementing suitable solutions for the moment itself. As your stable haven of tranquility, we keep an eye on new technology developments for our customers, can assess them and take them into account in every implementation.<\/span>[\/vc_column_text][\/vc_column_inner][vc_column_inner][vc_column_text css=&#8221;.vc_custom_1611919826477{margin-bottom: 0px !important;}&#8221;]<span style=\"color: #ffffff;\"><strong><span class=\"Linkify\">We rely on open source technologies. We only develop what is not yet available in this form. In this way, we avoid inefficient and resource-binding duplications. In times of ever shorter product life cycles, we believe this is the right approach to ensure long-term growth.<\/span><\/strong><\/span>[\/vc_column_text][\/vc_column_inner][\/vc_row_inner][\/mk_custom_box][\/vc_column][vc_column width=&#8221;1\/3&#8243;][\/vc_column][vc_column][\/vc_column][\/vc_row][mk_page_section bg_image=&#8221;https:\/\/awesome-technologies.de\/wp-content\/uploads\/2020\/01\/helloquence-5fnmwej4taa-unsplash-scaled.jpg&#8221; bg_position=&#8221;center center&#8221; bg_repeat=&#8221;no-repeat&#8221; bg_stretch=&#8221;true&#8221; video_color_mask=&#8221;#ffffff&#8221; video_opacity=&#8221;0.8&#8243; padding_top=&#8221;160&#8243; padding_bottom=&#8221;160&#8243; sidebar=&#8221;sidebar-1&#8243; first_page=&#8221;false&#8221; last_page=&#8221;false&#8221;][vc_column][vc_single_image image=&#8221;6178&#8243; img_size=&#8221;300&#215;80&#8243; alignment=&#8221;center&#8221; onclick=&#8221;custom_link&#8221; link=&#8221;\/kiwango&#8221; css=&#8221;.vc_custom_1581063732504{margin-bottom: 10px !important;padding-bottom: 0px !important;}&#8221;][mk_fancy_title tag_name=&#8221;h4&#8243; color=&#8221;#000000&#8243; size=&#8221;30&#8243; txt_transform=&#8221;none&#8221; margin_bottom=&#8221;0&#8243; font_family=&#8221;none&#8221; align=&#8221;center&#8221;]The Awesome Group comprises[\/mk_fancy_title][vc_empty_space][vc_row_inner][vc_column_inner width=&#8221;1\/4&#8243; css=&#8221;.vc_custom_1581425985435{padding-right: 35px !important;padding-left: 35px !important;}&#8221;][vc_single_image image=&#8221;6176&#8243; img_size=&#8221;300&#215;100&#8243; alignment=&#8221;center&#8221; onclick=&#8221;custom_link&#8221; link=&#8221;\/amp&#8221;][\/vc_column_inner][\/vc_row_inner][\/vc_column][\/mk_page_section]\n","protected":false},"excerpt":{"rendered":"<p>[vc_row fullwidth=&#8221;true&#8221; fullwidth_content=&#8221;false&#8221; css=&#8221;.vc_custom_1581510309204{padding-top: 150px !important;padding-bottom: 150px !important;background-image: url(https:\/\/awesome-technologies.de\/wp-content\/uploads\/2020\/02\/awesome-bg-2.jpg?id=6315) !important;background-position: center !important;background-repeat: no-repeat !important;background-size: cover !important;}&#8221;][vc_column width=&#8221;2\/5&#8243;][vc_empty_space height=&#8221;50px&#8221;][vc_column_text css=&#8221;.vc_custom_1611919627988{margin-bottom: 0px !important;}&#8221;]Awesome Technologies aims to enable employees to translate their enthusiasm for and knowledge of new technologies into meaningful applications, and then into scaling. In doing so, we follow the path of responsible innovation. The cross-functional [&hellip;]<\/p>\n","protected":false},"author":6,"featured_media":0,"parent":0,"menu_order":0,"comment_status":"closed","ping_status":"closed","template":"","meta":{"_links_to":"","_links_to_target":""},"_links":{"self":[{"href":"https:\/\/awesome-technologies.de\/en\/wp-json\/wp\/v2\/pages\/7989"}],"collection":[{"href":"https:\/\/awesome-technologies.de\/en\/wp-json\/wp\/v2\/pages"}],"about":[{"href":"https:\/\/awesome-technologies.de\/en\/wp-json\/wp\/v2\/types\/page"}],"author":[{"embeddable":true,"href":"https:\/\/awesome-technologies.de\/en\/wp-json\/wp\/v2\/users\/6"}],"replies":[{"embeddable":true,"href":"https:\/\/awesome-technologies.de\/en\/wp-json\/wp\/v2\/comments?post=7989"}],"version-history":[{"count":4,"href":"https:\/\/awesome-technologies.de\/en\/wp-json\/wp\/v2\/pages\/7989\/revisions"}],"predecessor-version":[{"id":11327,"href":"https:\/\/awesome-technologies.de\/en\/wp-json\/wp\/v2\/pages\/7989\/revisions\/11327"}],"wp:attachment":[{"href":"https:\/\/awesome-technologies.de\/en\/wp-json\/wp\/v2\/media?parent=7989"}],"curies":[{"name":"wp","href":"https:\/\/api.w.org\/{rel}","templated":true}]}}