{"id":7993,"date":"2020-01-24T09:19:54","date_gmt":"2020-01-24T09:19:54","guid":{"rendered":"https:\/\/awesome-technologies.de\/acps"},"modified":"2021-04-01T09:41:27","modified_gmt":"2021-04-01T09:41:27","slug":"acps","status":"publish","type":"page","link":"https:\/\/awesome-technologies.de\/en\/acps","title":{"rendered":"Industry 4.0 ACPS"},"content":{"rendered":"[mk_page_section bg_gradient=&#8221;left_top&#8221; video_color_mask=&#8221;#e7284d&#8221; gr_end=&#8221;#f9b867&#8243; video_opacity=&#8221;1&#8243; padding_top=&#8221;150&#8243; padding_bottom=&#8221;150&#8243; sidebar=&#8221;sidebar-1&#8243;][vc_column][vc_single_image image=&#8221;6242&#8243; img_size=&#8221;300&#215;100&#8243; alignment=&#8221;center&#8221;][\/vc_column][\/mk_page_section][vc_row fullwidth=&#8221;true&#8221; fullwidth_content=&#8221;false&#8221; css=&#8221;.vc_custom_1581494406183{padding-top: 50px !important;padding-bottom: 50px !important;}&#8221;][vc_column width=&#8221;1\/4&#8243; css=&#8221;.vc_custom_1411565631425{padding-top: 90px !important;padding-bottom: 100px !important;}&#8221;][\/vc_column][vc_column width=&#8221;1\/2&#8243;][mk_fancy_title tag_name=&#8221;h3&#8243; size=&#8221;65&#8243; force_font_size=&#8221;true&#8221; size_smallscreen=&#8221;55&#8243; size_tablet=&#8221;45&#8243; size_phone=&#8221;35&#8243; font_weight=&#8221;400&#8243; txt_transform=&#8221;none&#8221; margin_bottom=&#8221;0&#8243; font_family=&#8221;none&#8221; align=&#8221;center&#8221;]Industry 4.0[\/mk_fancy_title][vc_column_text disable_pattern=&#8221;false&#8221; align=&#8221;center&#8221; css=&#8221;.vc_custom_1611582522202{margin-bottom: 0px !important;}&#8221;]<strong>The so-called fourth industrial revolution stands for harmonizing information and communication technology (ICT) in the automation industry.<\/strong><\/p>\n<p>Even before Industry 4.0, production systems were characterized by a high degree of complexity. A large number of interlocking components, in some cases closely timed and perfectly coordinated, ensure a specified result. With digitization, this complexity is increasing, with the aim of being able to produce in a more resource-efficient and flexible manner.[\/vc_column_text][vc_empty_space][vc_column_text css=&#8221;.vc_custom_1611582668964{margin-bottom: 0px !important;}&#8221;]\n<p style=\"text-align: center;\">Read our whitepaper on this topic:<\/p>\n[\/vc_column_text][vc_empty_space][vc_btn title=&#8221;Whitepaper AR\/VR&#8221; color=&#8221;black&#8221; align=&#8221;center&#8221; link=&#8221;url:https%3A%2F%2Fawesome-technologies.de%2Fwhitepaper-virtual-und-augmented-reality|title:Whitepaper%20AR%2FVR|target:%20_blank|&#8221;][vc_empty_space][vc_btn title=&#8221;Whitepaper Cobots&#8221; color=&#8221;black&#8221; align=&#8221;center&#8221; link=&#8221;url:https%3A%2F%2Fawesome-technologies.de%2Fwhitepaper-warum-das-thema-kollaborative-roboter-jeden-klein-und-mittelstaendler-interessieren-sollte|title:Whitepaper%20Cobots|target:%20_blank|&#8221;][\/vc_column][vc_column width=&#8221;1\/4&#8243;][\/vc_column][\/vc_row][mk_page_section bg_image=&#8221;https:\/\/awesome-technologies.de\/wp-content\/uploads\/2020\/02\/1535-1024.jpg&#8221; bg_position=&#8221;center center&#8221; bg_repeat=&#8221;no-repeat&#8221; bg_stretch=&#8221;true&#8221; bg_gradient=&#8221;left_top&#8221; video_color_mask=&#8221;#f9b867&#8243; gr_end=&#8221;#e7284d&#8221; video_opacity=&#8221;0.9&#8243; padding_top=&#8221;100&#8243; padding_bottom=&#8221;100&#8243; sidebar=&#8221;sidebar-1&#8243;][vc_column][\/vc_column][vc_column width=&#8221;1\/3&#8243;][mk_fancy_title tag_name=&#8221;h3&#8243; color=&#8221;#ffffff&#8221; size=&#8221;45&#8243; force_font_size=&#8221;true&#8221; size_smallscreen=&#8221;40&#8243; size_tablet=&#8221;40&#8243; size_phone=&#8221;35&#8243; font_weight=&#8221;400&#8243; txt_transform=&#8221;none&#8221; margin_bottom=&#8221;0&#8243; font_family=&#8221;none&#8221;]Individual solutions[\/mk_fancy_title][mk_fancy_title tag_name=&#8221;h4&#8243; color=&#8221;#ffffff&#8221; size=&#8221;30&#8243; font_weight=&#8221;400&#8243; txt_transform=&#8221;none&#8221; margin_bottom=&#8221;0&#8243; font_family=&#8221;none&#8221;]Cyber-physical systems (CPS)[\/mk_fancy_title][vc_column_text disable_pattern=&#8221;false&#8221; css=&#8221;.vc_custom_1583779484616{margin-bottom: 0px !important;}&#8221;]<span style=\"color: #ffffff;\">Wir bieten individuelle L\u00f6sungen f\u00fcr Cyber-Physische Systeme (CPS). CPS sind eine Ansammlung von softwaretechnischen, mechanischen und elektronischen Einheiten, die \u00fcber ein Netzwerk kommunizieren. Mit unserem interdisziplin\u00e4ren Team k\u00f6nnen wir die Gesamtsicht auf Informatik, Elektronik und Mechanik herstellen und f\u00fcr Sie passende, neue L\u00f6sungen finden.<\/span>[\/vc_column_text][\/vc_column][vc_column width=&#8221;1\/6&#8243;][vc_empty_space height=&#8221;15px&#8221;][\/vc_column][vc_column width=&#8221;1\/2&#8243;][mk_fancy_title tag_name=&#8221;h4&#8243; color=&#8221;#ffffff&#8221; size=&#8221;&#8221; font_weight=&#8221;400&#8243; txt_transform=&#8221;none&#8221; margin_bottom=&#8221;0&#8243; font_family=&#8221;none&#8221; responsive_align=&#8221;left&#8221;]OPERATOR 4.0[\/mk_fancy_title][vc_column_text css=&#8221;.vc_custom_1583963617722{margin-bottom: 0px !important;}&#8221;]<span style=\"color: #ffffff;\">Wir betrachten den Menschen als \u201eOperator 4.0\u201c, und wie er in Zukunft die komplexer werdenden Aufgabenstellungen gemeinsam mit den Mitteln der Digitalisierung l\u00f6sen kann. Mit unserem Ansatz der Responsible Co-Innovation geht es uns um die Unterst\u00fctzung Ihres Unternehmens und Ihrer Mitarbeiterinnen und Mitarbeiter durch digitale L\u00f6sungen z. B. im Bereich \u201cAugmented &amp; Virtual Reality\u201d, \u201cRobotic Solutions &#8211; Cobots\u201d, \u201c3D-Scanning und Recognition&#8221; und \u201cDitgital Twins\u201d.<\/span>[\/vc_column_text][mk_fancy_title tag_name=&#8221;h4&#8243; color=&#8221;#ffffff&#8221; size=&#8221;&#8221; font_weight=&#8221;400&#8243; txt_transform=&#8221;none&#8221; margin_bottom=&#8221;0&#8243; font_family=&#8221;none&#8221; responsive_align=&#8221;left&#8221;]A HOLISTIC VIEW OF DIGITIZATION[\/mk_fancy_title][vc_column_text css=&#8221;.vc_custom_1583779458515{margin-bottom: 0px !important;}&#8221;]<span style=\"color: #ffffff;\">Bei Digitalisierungsprojekten wird schnell der Fokus nur auf die Technik gelegt. Doch die \u201asmarte\u2018 Maschine ist nur ein Teil des Gesamtbilds, die Produktion ist ein komplexes \u2018soziotechnisches System\u2018.<\/span>[\/vc_column_text][\/vc_column][\/mk_page_section][mk_page_section bg_image=&#8221;https:\/\/awesome-technologies.de\/wp-content\/uploads\/2020\/03\/bannerbild.jpg&#8221; bg_image_portrait=&#8221;https:\/\/awesome-technologies.de\/wp-content\/uploads\/2020\/03\/unbenannt.png&#8221; bg_position=&#8221;right center&#8221; bg_repeat=&#8221;no-repeat&#8221; bg_stretch=&#8221;true&#8221; enable_3d=&#8221;true&#8221; padding_top=&#8221;100&#8243; padding_bottom=&#8221;100&#8243; sidebar=&#8221;sidebar-1&#8243;][vc_column width=&#8221;2\/3&#8243;][mk_fancy_title tag_name=&#8221;h3&#8243; size=&#8221;55&#8243; force_font_size=&#8221;true&#8221; size_smallscreen=&#8221;45&#8243; size_tablet=&#8221;45&#8243; size_phone=&#8221;40&#8243; font_weight=&#8221;400&#8243; txt_transform=&#8221;none&#8221; margin_bottom=&#8221;0&#8243; font_family=&#8221;none&#8221; responsive_align=&#8221;left&#8221;]ACPS.remote Support[\/mk_fancy_title][mk_fancy_title tag_name=&#8221;h4&#8243; size=&#8221;35&#8243; force_font_size=&#8221;true&#8221; size_smallscreen=&#8221;30&#8243; size_tablet=&#8221;30&#8243; size_phone=&#8221;25&#8243; font_weight=&#8221;400&#8243; txt_transform=&#8221;none&#8221; margin_bottom=&#8221;0&#8243; font_family=&#8221;none&#8221; responsive_align=&#8221;left&#8221;]\n<h2>Remote maintenance made easy<\/h2>\n[\/mk_fancy_title][vc_column_text disable_pattern=&#8221;false&#8221; css=&#8221;.vc_custom_1611583729031{margin-bottom: 0px !important;}&#8221;]ACPS Remote Support is our Software as a Service support solution for your own maintenance or as a service solution for your customers.[\/vc_column_text][mk_button corner_style=&#8221;rounded&#8221; size=&#8221;medium&#8221; url=&#8221;https:\/\/awesome-technologies.de\/acps\/acps-remote&#8221; margin_right=&#8221;&#8221; bg_color=&#8221;#e7284d&#8221;]Learn more[\/mk_button][\/vc_column][vc_column width=&#8221;1\/3&#8243;][\/vc_column][\/mk_page_section][mk_page_section bg_image=&#8221;https:\/\/awesome-technologies.de\/wp-content\/uploads\/2020\/05\/cobots_awesome_technolgies_1-scaled.jpg&#8221; bg_position=&#8221;center center&#8221; bg_repeat=&#8221;no-repeat&#8221; bg_stretch=&#8221;true&#8221; bg_gradient=&#8221;left_top&#8221; video_color_mask=&#8221;#f9b867&#8243; gr_end=&#8221;#e7284d&#8221; video_opacity=&#8221;0.9&#8243; padding_top=&#8221;100&#8243; padding_bottom=&#8221;100&#8243; sidebar=&#8221;sidebar-1&#8243;][vc_column][\/vc_column][vc_column width=&#8221;1\/3&#8243;][mk_fancy_title tag_name=&#8221;h3&#8243; color=&#8221;#ffffff&#8221; size=&#8221;45&#8243; force_font_size=&#8221;true&#8221; size_smallscreen=&#8221;40&#8243; size_tablet=&#8221;40&#8243; size_phone=&#8221;35&#8243; font_weight=&#8221;400&#8243; txt_transform=&#8221;none&#8221; margin_bottom=&#8221;0&#8243; font_family=&#8221;none&#8221;]Cobots[\/mk_fancy_title][mk_fancy_title tag_name=&#8221;h4&#8243; color=&#8221;#ffffff&#8221; size=&#8221;30&#8243; font_weight=&#8221;400&#8243; txt_transform=&#8221;none&#8221; margin_bottom=&#8221;0&#8243; font_family=&#8221;none&#8221;]Collaborative robots[\/mk_fancy_title][\/vc_column][vc_column width=&#8221;1\/6&#8243;][vc_empty_space height=&#8221;15px&#8221;][\/vc_column][vc_column width=&#8221;1\/2&#8243;][mk_fancy_title tag_name=&#8221;h4&#8243; color=&#8221;#ffffff&#8221; size=&#8221;&#8221; font_weight=&#8221;400&#8243; txt_transform=&#8221;none&#8221; margin_bottom=&#8221;0&#8243; font_family=&#8221;none&#8221; responsive_align=&#8221;left&#8221;]PRODUCTION AUTOMATION IN SMALL AND MEDIUM-SIZED ENTERPRISES[\/mk_fancy_title][vc_column_text css=&#8221;.vc_custom_1595592431854{margin-bottom: 0px !important;}&#8221;]<span style=\"color: #ffffff;\">Erfahren Sie hier, wie Ihnen der Einsatz von kollaborativen Robotern in Ihrem Unternehmen helfen kann, Produktionskosten zu senken und die Mitarbeiterzufriedenheit zu steigern.<\/span>[\/vc_column_text][vc_btn title=&#8221;Mehr erfahren&#8221; color=&#8221;black&#8221; link=&#8221;url:https%3A%2F%2Fawesome-technologies.de%2Fcobots|title:Cobots|target:%20_blank|&#8221;][\/vc_column][\/mk_page_section][mk_page_section layout_structure=&#8221;half_right&#8221; bg_image=&#8221;https:\/\/awesome-technologies.de\/wp-content\/uploads\/2020\/05\/cobots_awesome_technolgies_1-scaled.jpg&#8221; bg_image_portrait=&#8221;https:\/\/awesome-technologies.de\/wp-content\/uploads\/2020\/03\/unbenannt.png&#8221; bg_stretch=&#8221;true&#8221; padding_top=&#8221;100&#8243; padding_bottom=&#8221;100&#8243;][vc_column width=&#8221;5\/6&#8243;][mk_fancy_title tag_name=&#8221;h3&#8243; size=&#8221;55&#8243; force_font_size=&#8221;true&#8221; size_smallscreen=&#8221;45&#8243; size_tablet=&#8221;45&#8243; size_phone=&#8221;40&#8243; font_weight=&#8221;400&#8243; txt_transform=&#8221;none&#8221; margin_bottom=&#8221;0&#8243; font_family=&#8221;none&#8221; responsive_align=&#8221;left&#8221;]MainDigitalTwin[\/mk_fancy_title][mk_fancy_title tag_name=&#8221;h4&#8243; size=&#8221;35&#8243; force_font_size=&#8221;true&#8221; size_smallscreen=&#8221;30&#8243; size_tablet=&#8221;30&#8243; size_phone=&#8221;25&#8243; font_weight=&#8221;400&#8243; txt_transform=&#8221;none&#8221; margin_bottom=&#8221;0&#8243; font_family=&#8221;none&#8221; responsive_align=&#8221;left&#8221;]\n<h2>AR-Visualization made in Mainfranken<\/h2>\n[\/mk_fancy_title][vc_column_text disable_pattern=&#8221;false&#8221; css=&#8221;.vc_custom_1595593016956{margin-bottom: 0px !important;}&#8221;]Wie kann der Einsatz von Digital Twins und modernen Visualisierungsl\u00f6sungen wie Augmented Reality Ihre Produktions- und Planungsprozesse verbessern?<\/p>\n[\/vc_column_text][mk_button corner_style=&#8221;rounded&#8221; size=&#8221;medium&#8221; url=&#8221;https:\/\/awesome-technologies.de\/showcases\/maindigitaltwin&#8221; margin_right=&#8221;&#8221; bg_color=&#8221;#e7284d&#8221;]Learn more[\/mk_button][\/vc_column][vc_column width=&#8221;1\/6&#8243;][\/vc_column][\/mk_page_section][vc_row fullwidth=&#8221;true&#8221; fullwidth_content=&#8221;false&#8221; css=&#8221;.vc_custom_1584129697752{padding-top: 75px !important;padding-right: 30px !important;padding-bottom: 75px !important;padding-left: 30px !important;background-color: #efefef !important;}&#8221;][vc_column width=&#8221;2\/3&#8243;][\/vc_column][vc_column width=&#8221;1\/3&#8243;][\/vc_column][vc_column css=&#8221;.vc_custom_1584129585916{padding-right: 30px !important;padding-left: 30px !important;}&#8221;][mk_fancy_title tag_name=&#8221;h4&#8243; size=&#8221;35&#8243; font_weight=&#8221;400&#8243; txt_transform=&#8221;none&#8221; margin_top=&#8221;40&#8243; margin_bottom=&#8221;0&#8243; font_family=&#8221;none&#8221; align=&#8221;center&#8221; responsive_align=&#8221;left&#8221;]We help you to get from buzzword to business &#8211; are you interested?[\/mk_fancy_title][mk_fancy_title tag_name=&#8221;h4&#8243; size=&#8221;25&#8243; font_weight=&#8221;400&#8243; txt_transform=&#8221;none&#8221; margin_bottom=&#8221;25&#8243; font_family=&#8221;none&#8221; align=&#8221;center&#8221; responsive_align=&#8221;left&#8221;]Contact us and we will be happy to visit you for a non-binding initial analysis meeting![\/mk_fancy_title][mk_button dimension=&#8221;flat&#8221; size=&#8221;medium&#8221; url=&#8221;https:\/\/awesome-technologies.de\/responsible-co-innovation&#8221; align=&#8221;center&#8221; margin_right=&#8221;&#8221; bg_color=&#8221;#333333&#8243; btn_hover_bg=&#8221;#555555&#8243;]Learn more about our approach here[\/mk_button][\/vc_column][\/vc_row]\n","protected":false},"excerpt":{"rendered":"<p>[mk_page_section bg_gradient=&#8221;left_top&#8221; video_color_mask=&#8221;#e7284d&#8221; gr_end=&#8221;#f9b867&#8243; video_opacity=&#8221;1&#8243; padding_top=&#8221;150&#8243; padding_bottom=&#8221;150&#8243; sidebar=&#8221;sidebar-1&#8243;][vc_column][vc_single_image image=&#8221;6242&#8243; img_size=&#8221;300&#215;100&#8243; alignment=&#8221;center&#8221;][\/vc_column][\/mk_page_section][vc_row fullwidth=&#8221;true&#8221; fullwidth_content=&#8221;false&#8221; css=&#8221;.vc_custom_1581494406183{padding-top: 50px !important;padding-bottom: 50px !important;}&#8221;][vc_column width=&#8221;1\/4&#8243; css=&#8221;.vc_custom_1411565631425{padding-top: 90px !important;padding-bottom: 100px !important;}&#8221;][\/vc_column][vc_column width=&#8221;1\/2&#8243;][mk_fancy_title tag_name=&#8221;h3&#8243; size=&#8221;65&#8243; force_font_size=&#8221;true&#8221; size_smallscreen=&#8221;55&#8243; size_tablet=&#8221;45&#8243; size_phone=&#8221;35&#8243; font_weight=&#8221;400&#8243; txt_transform=&#8221;none&#8221; margin_bottom=&#8221;0&#8243; font_family=&#8221;none&#8221; align=&#8221;center&#8221;]Industry 4.0[\/mk_fancy_title][vc_column_text disable_pattern=&#8221;false&#8221; align=&#8221;center&#8221; css=&#8221;.vc_custom_1611582522202{margin-bottom: 0px !important;}&#8221;]The so-called fourth industrial revolution stands for harmonizing information and communication technology (ICT) in [&hellip;]<\/p>\n","protected":false},"author":6,"featured_media":0,"parent":0,"menu_order":0,"comment_status":"closed","ping_status":"closed","template":"","meta":{"_links_to":"","_links_to_target":""},"_links":{"self":[{"href":"https:\/\/awesome-technologies.de\/en\/wp-json\/wp\/v2\/pages\/7993"}],"collection":[{"href":"https:\/\/awesome-technologies.de\/en\/wp-json\/wp\/v2\/pages"}],"about":[{"href":"https:\/\/awesome-technologies.de\/en\/wp-json\/wp\/v2\/types\/page"}],"author":[{"embeddable":true,"href":"https:\/\/awesome-technologies.de\/en\/wp-json\/wp\/v2\/users\/6"}],"replies":[{"embeddable":true,"href":"https:\/\/awesome-technologies.de\/en\/wp-json\/wp\/v2\/comments?post=7993"}],"version-history":[{"count":4,"href":"https:\/\/awesome-technologies.de\/en\/wp-json\/wp\/v2\/pages\/7993\/revisions"}],"predecessor-version":[{"id":8329,"href":"https:\/\/awesome-technologies.de\/en\/wp-json\/wp\/v2\/pages\/7993\/revisions\/8329"}],"wp:attachment":[{"href":"https:\/\/awesome-technologies.de\/en\/wp-json\/wp\/v2\/media?parent=7993"}],"curies":[{"name":"wp","href":"https:\/\/api.w.org\/{rel}","templated":true}]}}